{"id":5629,"date":"2025-10-31T15:17:41","date_gmt":"2025-10-31T15:17:41","guid":{"rendered":"https:\/\/www.escolasabelheira.com\/?page_id=5629"},"modified":"2026-05-14T13:25:12","modified_gmt":"2026-05-14T13:25:12","slug":"integridade-e-transparencia","status":"publish","type":"page","link":"https:\/\/www.escolasabelheira.com\/index.php\/integridade-e-transparencia\/","title":{"rendered":"Integridade e Transpar\u00eancia"},"content":{"rendered":"\n<p><strong>Canais de Den\u00fancia Interna e Externa<\/strong><\/p>\n\n\n\n<p>No \u00e2mbito das pol\u00edticas de combate \u00e0 corrup\u00e7\u00e3o, o Governo aprovou em anexo ao Decreto-Lei n.\u00ba 109-E\/2021, de 9 de dezembro, o&nbsp;<em>Regime Geral da Preven\u00e7\u00e3o da Corrup\u00e7\u00e3o<\/em>&nbsp;(RGPC), cujo artigo 8.\u00ba prev\u00ea a exist\u00eancia de canais de den\u00fancia relativa a atos de corrup\u00e7\u00e3o e infra\u00e7\u00f5es conexas.<\/p>\n\n\n\n<p>Por seu turno, a Lei n.\u00ba 93\/2021, de 20 de dezembro, estabelece o&nbsp;<em>Regime Geral de Prote\u00e7\u00e3o de Denunciantes de Infra\u00e7\u00f5es<\/em>&nbsp;(RGPDI), transpondo para a ordem jur\u00eddica interna a Diretiva (UE) 2019\/1937 do Parlamento Europeu e do Conselho, de 23 de outubro de 2019, relativa \u00e0 prote\u00e7\u00e3o das pessoas que denunciam viola\u00e7\u00f5es do direito da Uni\u00e3o.<\/p>\n\n\n\n<figure class=\"wp-block-table\"><table class=\"has-fixed-layout\"><tbody><tr><td colspan=\"3\">Den\u00fancia&nbsp;dirigida ao&nbsp;Presidente da Comiss\u00e3o Administrativa Provis\u00f3ria do AE da Abelheira<\/td><\/tr><tr><td rowspan=\"2\">Den\u00fancia escrita<\/td><td>Por correio normal<\/td><td>A den\u00fancia deve ser remetida com indica\u00e7\u00e3o no exterior do envelope \u2018CONFIDENCIAL\u2019 para o seguinte endere\u00e7o: Agrupamento de Escolas da Abelheira Rua Jos\u00e9 Augusto Vieira 4900-444 Viana do Castelo<\/td><\/tr><tr><td>Por correio eletr\u00f3nico<\/td><td>A den\u00fancia deve ser remetida para o seguinte endere\u00e7o: <a href=\"mailto:denuncias@aeabelheira.edu.pt\">denuncias@aeabelheira.edu.pt<\/a><\/td><\/tr><tr><td rowspan=\"2\">Den\u00fancia verbal<\/td><td>Por telefone (As comunica\u00e7\u00f5es telef\u00f3nicas n\u00e3o s\u00e3o gravadas)<\/td><td>Telefone:&nbsp;258809770, dispon\u00edvel nos dias \u00fateis das 09h00 \u00e0s 17h30.<\/td><\/tr><tr><td>Em reuni\u00e3o presencial (A pedido do denunciante)<\/td><td>O agendamento da reuni\u00e3o deve ser solicitado atrav\u00e9s de qualquer dos contactos acima indicados<\/td><\/tr><\/tbody><\/table><\/figure>\n\n\n\n<p><a href=\"https:\/\/www.escolasabelheira.com\/wp-content\/uploads\/2025\/12\/PLANODEPREVENCAODERISCOSDECORRUPCAOEINFRACOESCONEXAS.pdf\" data-type=\"attachment\" data-id=\"6012\" target=\"_blank\" rel=\"noreferrer noopener\">PLANO DE PREVEN\u00c7\u00c3O DE RISCOS DE CORRUP\u00c7\u00c3O E INFRA\u00c7\u00d5ES CONEXAS<\/a> (FEV2025)<\/p>\n\n\n\n<p><a href=\"https:\/\/www.escolasabelheira.com\/wp-content\/uploads\/2025\/12\/1RelatorioIntercalar_Out_2025.pdf\" data-type=\"attachment\" data-id=\"6013\" target=\"_blank\" rel=\"noreferrer noopener\">Primeiro relat\u00f3rio intercalar<\/a> (Outubro 2025)<\/p>\n\n\n\n<p><a href=\"https:\/\/www.escolasabelheira.com\/wp-content\/uploads\/2026\/05\/2RelatorioIntercalar_ABR2026_signed.pdf\" data-type=\"attachment\" data-id=\"6456\" target=\"_blank\" rel=\"noreferrer noopener\">Segundo relat\u00f3rio <\/a>(Abril 2026)<\/p>\n\n\n\n<p><a href=\"https:\/\/www.escolasabelheira.com\/wp-content\/uploads\/2026\/05\/Codigo-de-conduta_Versao1.pdf\" data-type=\"attachment\" data-id=\"6457\" target=\"_blank\" rel=\"noreferrer noopener\">Documento de trabalho &#8211; C\u00f3digo de Conduta<\/a> Vers\u00e3o 1<\/p>\n\n\n\n<p><a href=\"https:\/\/www.escolasabelheira.com\/wp-content\/uploads\/2026\/05\/Desp_18.pdf\" data-type=\"attachment\" data-id=\"6502\" target=\"_blank\" rel=\"noreferrer noopener\">Designa\u00e7\u00e3o dos respons\u00e1veis pelo cumprimento normativo e pelo tratamento das den\u00fancias e pelo plano de preven\u00e7\u00e3o de riscos de corrup\u00e7\u00e3o e infra\u00e7\u00f5es conexas<\/a><\/p>\n\n\n\n<p><\/p>\n","protected":false},"excerpt":{"rendered":"<p>Canais de Den\u00fancia Interna e Externa No \u00e2mbito das pol\u00edticas de combate \u00e0 corrup\u00e7\u00e3o, o Governo aprovou em anexo ao Decreto-Lei n.\u00ba 109-E\/2021, de 9 de dezembro, o&nbsp;Regime Geral da Preven\u00e7\u00e3o da Corrup\u00e7\u00e3o&nbsp;(RGPC), cujo artigo 8.\u00ba prev\u00ea a exist\u00eancia de canais de den\u00fancia relativa a atos de corrup\u00e7\u00e3o e infra\u00e7\u00f5es conexas. Por seu turno, a [&hellip;]<\/p>\n","protected":false},"author":1,"featured_media":0,"parent":0,"menu_order":0,"comment_status":"closed","ping_status":"closed","template":"","meta":{"footnotes":"","_links_to":"","_links_to_target":""},"class_list":["post-5629","page","type-page","status-publish","hentry"],"_links":{"self":[{"href":"https:\/\/www.escolasabelheira.com\/index.php\/wp-json\/wp\/v2\/pages\/5629","targetHints":{"allow":["GET"]}}],"collection":[{"href":"https:\/\/www.escolasabelheira.com\/index.php\/wp-json\/wp\/v2\/pages"}],"about":[{"href":"https:\/\/www.escolasabelheira.com\/index.php\/wp-json\/wp\/v2\/types\/page"}],"author":[{"embeddable":true,"href":"https:\/\/www.escolasabelheira.com\/index.php\/wp-json\/wp\/v2\/users\/1"}],"replies":[{"embeddable":true,"href":"https:\/\/www.escolasabelheira.com\/index.php\/wp-json\/wp\/v2\/comments?post=5629"}],"version-history":[{"count":0,"href":"https:\/\/www.escolasabelheira.com\/index.php\/wp-json\/wp\/v2\/pages\/5629\/revisions"}],"wp:attachment":[{"href":"https:\/\/www.escolasabelheira.com\/index.php\/wp-json\/wp\/v2\/media?parent=5629"}],"curies":[{"name":"wp","href":"https:\/\/api.w.org\/{rel}","templated":true}]}}