{"id":3730,"date":"2025-04-13T22:40:38","date_gmt":"2025-04-13T22:40:38","guid":{"rendered":"https:\/\/www.escolasabelheira.com\/?page_id=3730"},"modified":"2026-03-26T16:02:59","modified_gmt":"2026-03-26T16:02:59","slug":"provas-e-exames","status":"publish","type":"page","link":"https:\/\/www.escolasabelheira.com\/index.php\/provas-e-exames\/","title":{"rendered":"Provas e Exames"},"content":{"rendered":"\n<p class=\"has-medium-font-size\"><strong>Avalia\u00e7\u00e3o Externa &#8211; Provas ModA e Provas Finais 2025\/2026<\/strong><\/p>\n\n\n\n<p><a href=\"https:\/\/www.escolasabelheira.com\/wp-content\/uploads\/2026\/03\/NORMA01JNE2026.pdf\" data-type=\"attachment\" data-id=\"6308\" target=\"_blank\" rel=\"noreferrer noopener\">Norma 01\/JNE\/2026<\/a> &#8211; Instru\u00e7\u00f5es para a inscri\u00e7\u00e3o nas provas e exames do ensino b\u00e1sico e do ensino secund\u00e1rio<\/p>\n\n\n\n<p><a href=\"https:\/\/www.escolasabelheira.com\/wp-content\/uploads\/2026\/03\/Norma02JNE2026.pdf\" data-type=\"attachment\" data-id=\"6348\">Norma 02\/JNE\/2026<\/a> &#8211; Instru\u00e7\u00f5es para a realiza\u00e7\u00e3o nas provas e exames do ensino b\u00e1sico e do ensino secund\u00e1rio<\/p>\n\n\n\n<p><a href=\"https:\/\/www.escolasabelheira.com\/wp-content\/uploads\/2026\/03\/GuiaAplicacaoProvasEnsaio.pdf\" data-type=\"attachment\" data-id=\"6349\" target=\"_blank\" rel=\"noreferrer noopener\">Guia para aplica\u00e7\u00e3o das Provas-Ensaio<\/a><\/p>\n\n\n\n<p><a href=\"https:\/\/www.escolasabelheira.com\/wp-content\/uploads\/2026\/03\/Provas-Ensaio-2026_Comunicacao-as-escolas_Final.pdf\" data-type=\"attachment\" data-id=\"6350\" target=\"_blank\" rel=\"noreferrer noopener\">Provas-Ensaio-Comunica\u00e7\u00e3o \u00e0s Escolas<\/a><\/p>\n\n\n\n<p><a href=\"https:\/\/www.escolasabelheira.com\/wp-content\/uploads\/2026\/03\/DN-3_2026_RegulamentoExmes.pdf\" data-type=\"attachment\" data-id=\"6309\" target=\"_blank\" rel=\"noreferrer noopener\">Regulamento das Provas de Avalia\u00e7\u00e3o Externa e das Provas de Equival\u00eancia \u00e0 Frequ\u00eancia<\/a><\/p>\n\n\n\n<p><a href=\"https:\/\/www.escolasabelheira.com\/wp-content\/uploads\/2026\/03\/ManualPiepe.pdf\" data-type=\"attachment\" data-id=\"6310\" target=\"_blank\" rel=\"noreferrer noopener\">Manual PIEPE<\/a><\/p>\n\n\n\n<p><\/p>\n\n\n\n<p><\/p>\n\n\n\n<p class=\"has-medium-font-size\"><a href=\"https:\/\/www.escolasabelheira.com\/wp-content\/uploads\/2025\/12\/CalendarioProvasExames2026.pdf\" data-type=\"attachment\" data-id=\"6109\" target=\"_blank\" rel=\"noreferrer noopener\">Calend\u00e1rio das Provas ModA e Provas Finais<\/a><\/p>\n\n\n\n<p><\/p>\n\n\n\n<figure class=\"wp-block-image size-full\"><img decoding=\"async\" width=\"951\" height=\"533\" data-src=\"https:\/\/www.escolasabelheira.com\/wp-content\/uploads\/2025\/12\/imagem.png\" alt=\"\" class=\"wp-image-6110 lazyload\" data-srcset=\"https:\/\/www.escolasabelheira.com\/wp-content\/uploads\/2025\/12\/imagem.png 951w, https:\/\/www.escolasabelheira.com\/wp-content\/uploads\/2025\/12\/imagem-300x168.png 300w, https:\/\/www.escolasabelheira.com\/wp-content\/uploads\/2025\/12\/imagem-768x430.png 768w\" data-sizes=\"(max-width: 951px) 100vw, 951px\" src=\"data:image\/svg+xml;base64,PHN2ZyB3aWR0aD0iMSIgaGVpZ2h0PSIxIiB4bWxucz0iaHR0cDovL3d3dy53My5vcmcvMjAwMC9zdmciPjwvc3ZnPg==\" style=\"--smush-placeholder-width: 951px; --smush-placeholder-aspect-ratio: 951\/533;\" \/><\/figure>\n\n\n\n<p><\/p>\n\n\n\n<figure class=\"wp-block-image size-full\"><img decoding=\"async\" width=\"1014\" height=\"449\" data-src=\"https:\/\/www.escolasabelheira.com\/wp-content\/uploads\/2025\/12\/imagem-1.png\" alt=\"\" class=\"wp-image-6112 lazyload\" data-srcset=\"https:\/\/www.escolasabelheira.com\/wp-content\/uploads\/2025\/12\/imagem-1.png 1014w, https:\/\/www.escolasabelheira.com\/wp-content\/uploads\/2025\/12\/imagem-1-300x133.png 300w, https:\/\/www.escolasabelheira.com\/wp-content\/uploads\/2025\/12\/imagem-1-768x340.png 768w\" data-sizes=\"(max-width: 1014px) 100vw, 1014px\" src=\"data:image\/svg+xml;base64,PHN2ZyB3aWR0aD0iMSIgaGVpZ2h0PSIxIiB4bWxucz0iaHR0cDovL3d3dy53My5vcmcvMjAwMC9zdmciPjwvc3ZnPg==\" style=\"--smush-placeholder-width: 1014px; --smush-placeholder-aspect-ratio: 1014\/449;\" \/><\/figure>\n\n\n\n<p><\/p>\n\n\n\n<p><a href=\"https:\/\/iave.pt\/provas-e-exames\/informacoes\/\" data-type=\"link\" data-id=\"https:\/\/iave.pt\/provas-e-exames\/informacoes\/\" target=\"_blank\" rel=\"noreferrer noopener\">Encontra-se dispon\u00edvel na p\u00e1gina da Internet do IAVE, \u00e1rea das Informa\u00e7\u00f5es-Prova 2025\/2026, a Informa\u00e7\u00e3o-Prova Geral, na qual encontrar\u00e1 os links de acesso \u00e0s Informa\u00e7\u00f5es-Prova Espec\u00edficas.<\/a><\/p>\n\n\n\n<p><\/p>\n\n\n\n<ul class=\"wp-block-list\">\n<li class=\"has-medium-font-size\"><a href=\"https:\/\/www.escolasabelheira.com\/wp-content\/uploads\/2025\/12\/IP-Geral-2026_29nov.pdf\" data-type=\"attachment\" data-id=\"6090\" target=\"_blank\" rel=\"noreferrer noopener\">INFORMA\u00c7\u00c3O-PROVA GERAL\/ESPEC\u00cdFICAS<\/a><\/li>\n<\/ul>\n\n\n\n<p><\/p>\n","protected":false},"excerpt":{"rendered":"<p>Avalia\u00e7\u00e3o Externa &#8211; Provas ModA e Provas Finais 2025\/2026 Norma 01\/JNE\/2026 &#8211; Instru\u00e7\u00f5es para a inscri\u00e7\u00e3o nas provas e exames do ensino b\u00e1sico e do ensino secund\u00e1rio Norma 02\/JNE\/2026 &#8211; Instru\u00e7\u00f5es para a realiza\u00e7\u00e3o nas provas e exames do ensino b\u00e1sico e do ensino secund\u00e1rio Guia para aplica\u00e7\u00e3o das Provas-Ensaio Provas-Ensaio-Comunica\u00e7\u00e3o \u00e0s Escolas Regulamento das [&hellip;]<\/p>\n","protected":false},"author":1,"featured_media":0,"parent":0,"menu_order":0,"comment_status":"closed","ping_status":"closed","template":"","meta":{"footnotes":"","_links_to":"","_links_to_target":""},"class_list":["post-3730","page","type-page","status-publish","hentry"],"_links":{"self":[{"href":"https:\/\/www.escolasabelheira.com\/index.php\/wp-json\/wp\/v2\/pages\/3730","targetHints":{"allow":["GET"]}}],"collection":[{"href":"https:\/\/www.escolasabelheira.com\/index.php\/wp-json\/wp\/v2\/pages"}],"about":[{"href":"https:\/\/www.escolasabelheira.com\/index.php\/wp-json\/wp\/v2\/types\/page"}],"author":[{"embeddable":true,"href":"https:\/\/www.escolasabelheira.com\/index.php\/wp-json\/wp\/v2\/users\/1"}],"replies":[{"embeddable":true,"href":"https:\/\/www.escolasabelheira.com\/index.php\/wp-json\/wp\/v2\/comments?post=3730"}],"version-history":[{"count":0,"href":"https:\/\/www.escolasabelheira.com\/index.php\/wp-json\/wp\/v2\/pages\/3730\/revisions"}],"wp:attachment":[{"href":"https:\/\/www.escolasabelheira.com\/index.php\/wp-json\/wp\/v2\/media?parent=3730"}],"curies":[{"name":"wp","href":"https:\/\/api.w.org\/{rel}","templated":true}]}}