{"id":3613,"date":"2025-04-13T21:16:50","date_gmt":"2025-04-13T21:16:50","guid":{"rendered":"https:\/\/www.escolasabelheira.com\/?page_id=3613"},"modified":"2025-11-14T08:29:16","modified_gmt":"2025-11-14T08:29:16","slug":"gabinete-de-apoio-ao-aluno-gaa","status":"publish","type":"page","link":"https:\/\/www.escolasabelheira.com\/index.php\/gabinete-de-apoio-ao-aluno-gaa\/","title":{"rendered":"Gabinete de Informa\u00e7\u00e3o e Apoio ao Aluno (GIA)"},"content":{"rendered":"<div class=\"style-1203 style-local-3613-c1 position-relative\" data-colibri-id=\"3613-c1\">\n<div id=\"about\" class=\"h-section h-section-global-spacing d-flex align-items-lg-center align-items-md-center align-items-center style-1204 style-local-3613-c2 position-relative\" data-colibri-component=\"section\" data-colibri-id=\"3613-c2\">\n<div class=\"h-section-grid-container h-section-boxed-container\">\n<div class=\"h-row-container gutters-row-lg-2 gutters-row-md-2 gutters-row-2 gutters-row-v-lg-2 gutters-row-v-md-2 gutters-row-v-2 style-1205 style-local-3613-c3 position-relative\" data-colibri-id=\"3613-c3\">\n<div class=\"h-row justify-content-lg-center justify-content-md-center justify-content-center align-items-lg-stretch align-items-md-stretch align-items-stretch gutters-col-lg-2 gutters-col-md-2 gutters-col-2 gutters-col-v-lg-2 gutters-col-v-md-2 gutters-col-v-2\">\n<div class=\"h-column h-column-container d-flex h-col-lg-auto h-col-md-auto h-col-auto style-1206-outer style-local-3613-c4-outer\">\n<div class=\"d-flex h-flex-basis h-column__inner h-px-lg-2 h-px-md-2 h-px-2 v-inner-lg-2 v-inner-md-2 v-inner-2 style-1206 style-local-3613-c4 position-relative\" data-colibri-id=\"3613-c4\">\n<div class=\"w-100 h-y-container h-column__content h-column__v-align flex-basis-100 align-self-lg-center align-self-md-center align-self-center\">\n<div class=\"h-global-transition-all h-heading style-1207 style-local-3613-c5 position-relative h-element\" data-colibri-id=\"3613-c5\">\n\nO Gabinete de Informa\u00e7\u00e3o e apoio ao Aluno (GIA) \u00e9 um espa\u00e7o\/Gabinete disponibilizado pelas Escolas\/Agrupamentos com a presen\u00e7a de Profissionais de Sa\u00fade, que disponibilizem informa\u00e7\u00e3o e aconselhamento nas \u00e1reas da Sa\u00fade e Educa\u00e7\u00e3o Sexual. S\u00e3o requisitos para o funcionamento do Gabinete, no \u00e2mbito da Educa\u00e7\u00e3o para a Sa\u00fade e para a Sexualidade, abranger os alunos do 2\u00ba e 3\u00ba ciclos do ensino b\u00e1sico e do ensino secund\u00e1rio dos Agrupamentos de Escolas abrangidas pela UCC.\n\nEste espa\u00e7o \u00e9 entendido pela nossa Equipa de Sa\u00fade Escolar como mais uma ferramenta, ao dispor da Comunidade Escolar, potencializando uma prof\u00edcua actividade no \u00e2mbito da Sa\u00fade possibilitando momentos de esclarecimento de d\u00favidas, encaminhamentos e promo\u00e7\u00e3o de h\u00e1bitos de vida saud\u00e1veis.\n\nFuncionar\u00e1 todas as <strong><em>ter\u00e7as-feiras das 9.30-11.30<\/em><\/strong>. Salvaguardando o facto, de eventualmente, a presen\u00e7a n\u00e3o ser poss\u00edvel em alguma das ter\u00e7as-feiras, em virtude de requisi\u00e7\u00e3o para outros servi\u00e7os e \/ou ocorr\u00eancias.\n\n<\/div>\n<\/div>\n<\/div>\n<\/div>\n<\/div>\n<\/div>\n<\/div>\n<\/div>\n<div id=\"about-2\" class=\"h-section h-section-global-spacing d-flex align-items-lg-center align-items-md-center align-items-center style-1224 style-local-3613-c22 position-relative\" data-colibri-component=\"section\" data-colibri-id=\"3613-c22\">\n<div class=\"h-section-grid-container h-section-boxed-container\">\n<div class=\"h-row-container gutters-row-lg-2 gutters-row-md-2 gutters-row-2 gutters-row-v-lg-2 gutters-row-v-md-2 gutters-row-v-2 style-1225 style-local-3613-c23 position-relative\" data-colibri-id=\"3613-c23\">\n<div class=\"h-row justify-content-lg-center justify-content-md-center justify-content-center align-items-lg-center align-items-md-center align-items-center gutters-col-lg-2 gutters-col-md-2 gutters-col-2 gutters-col-v-lg-2 gutters-col-v-md-2 gutters-col-v-2\">\n<div class=\"h-column h-column-container d-flex h-col-lg-auto h-col-md-auto h-col-auto align-self-lg-center align-self-md-center align-self-center style-1226-outer style-local-3613-c24-outer\">\n<div class=\"d-flex h-flex-basis h-column__inner h-px-lg-0 h-px-md-0 h-px-0 v-inner-lg-0 v-inner-md-0 v-inner-0 style-1226 style-local-3613-c24 position-relative\" data-colibri-id=\"3613-c24\">\n<div class=\"w-100 h-y-container h-column__content h-column__v-align flex-basis-100 align-self-lg-center align-self-md-center align-self-center\">\n<div class=\"h-text h-text-component style-1232 style-local-3613-c30 position-relative h-element\" data-colibri-id=\"3613-c30\">\n<div class=\"\"><\/div>\n<\/div>\n<\/div>\n<\/div>\n<\/div>\n<div class=\"h-column h-column-container d-flex h-col-lg-auto h-col-md-auto h-col-auto align-self-lg-center align-self-md-center align-self-center style-1233-outer style-local-3613-c31-outer\">\n<div class=\"d-flex h-flex-basis h-column__inner h-px-lg-0 h-px-md-0 h-px-0 v-inner-lg-0 v-inner-md-0 v-inner-0 style-1233 style-local-3613-c31 position-relative\" data-colibri-id=\"3613-c31\">\n<div class=\"w-100 h-y-container h-column__content h-column__v-align flex-basis-100 align-self-lg-center align-self-md-center align-self-center\">\n<div class=\"h-multiple-image style-1234 style-local-3613-c32 position-relative h-element\" data-colibri-id=\"3613-c32\">\n<div class=\"position-relative\">\n<div class=\"h-multiple-image-inside-container\">\n<div class=\"ratio-inner\">\n<div class=\"d-block style-1235 style-local-3613-c33 position-relative h-element\" data-colibri-id=\"3613-c33\">\n<div class=\"h-image__frame-container-outer\"><\/div>\n<\/div>\n<div class=\"d-block style-1236 style-local-3613-c34 position-relative h-element\" data-colibri-id=\"3613-c34\">\n<div class=\"h-image__frame-container-outer\">\n<div class=\"h-image__frame-container\">\n<div class=\"h-image__frame h-hide-lg h-hide-md h-hide-sm style-1236-frameImage style-local-3613-c34-frameImage\"><\/div>\n<\/div>\n<\/div>\n<\/div>\n<\/div>\n<\/div>\n<\/div>\n<\/div>\n<\/div>\n<\/div>\n<\/div>\n<\/div>\n<\/div>\n<\/div>\n<\/div>\n<\/div>","protected":false},"excerpt":{"rendered":"<p>O Gabinete de Informa\u00e7\u00e3o e apoio ao Aluno (GIA) \u00e9 um espa\u00e7o\/Gabinete disponibilizado pelas Escolas\/Agrupamentos com a presen\u00e7a de Profissionais de Sa\u00fade, que disponibilizem informa\u00e7\u00e3o e aconselhamento nas \u00e1reas da Sa\u00fade e Educa\u00e7\u00e3o Sexual. S\u00e3o requisitos para o funcionamento do Gabinete, no \u00e2mbito da Educa\u00e7\u00e3o para a Sa\u00fade e para a Sexualidade, abranger os alunos [&hellip;]<\/p>\n","protected":false},"author":1,"featured_media":0,"parent":0,"menu_order":0,"comment_status":"closed","ping_status":"closed","template":"page-templates\/full-width-page.php","meta":{"footnotes":"","_links_to":"","_links_to_target":""},"class_list":["post-3613","page","type-page","status-publish","hentry"],"_links":{"self":[{"href":"https:\/\/www.escolasabelheira.com\/index.php\/wp-json\/wp\/v2\/pages\/3613","targetHints":{"allow":["GET"]}}],"collection":[{"href":"https:\/\/www.escolasabelheira.com\/index.php\/wp-json\/wp\/v2\/pages"}],"about":[{"href":"https:\/\/www.escolasabelheira.com\/index.php\/wp-json\/wp\/v2\/types\/page"}],"author":[{"embeddable":true,"href":"https:\/\/www.escolasabelheira.com\/index.php\/wp-json\/wp\/v2\/users\/1"}],"replies":[{"embeddable":true,"href":"https:\/\/www.escolasabelheira.com\/index.php\/wp-json\/wp\/v2\/comments?post=3613"}],"version-history":[{"count":5,"href":"https:\/\/www.escolasabelheira.com\/index.php\/wp-json\/wp\/v2\/pages\/3613\/revisions"}],"predecessor-version":[{"id":5906,"href":"https:\/\/www.escolasabelheira.com\/index.php\/wp-json\/wp\/v2\/pages\/3613\/revisions\/5906"}],"wp:attachment":[{"href":"https:\/\/www.escolasabelheira.com\/index.php\/wp-json\/wp\/v2\/media?parent=3613"}],"curies":[{"name":"wp","href":"https:\/\/api.w.org\/{rel}","templated":true}]}}