{"id":3265,"date":"2025-01-25T15:00:07","date_gmt":"2025-01-25T15:00:07","guid":{"rendered":"https:\/\/www.escolasabelheira.com\/?page_id=3265"},"modified":"2025-09-29T20:30:07","modified_gmt":"2025-09-29T20:30:07","slug":"cap","status":"publish","type":"page","link":"https:\/\/www.escolasabelheira.com\/index.php\/cap\/","title":{"rendered":"CAP"},"content":{"rendered":"<div data-colibri-id=\"3265-c1\" class=\"style-1028 style-local-3265-c1 position-relative\">\r\n  <!---->\r\n  <div data-colibri-component=\"section\" data-colibri-id=\"3265-c2\" id=\"overlappable\" class=\"h-section h-section-global-spacing d-flex align-items-lg-center align-items-md-center align-items-center style-1067 style-local-3265-c2 position-relative\">\r\n    <!---->\r\n    <!---->\r\n    <div class=\"h-section-grid-container h-section-boxed-container\">\r\n      <!---->\r\n      <div data-colibri-id=\"3265-c3\" class=\"h-row-container gutters-row-lg-0 gutters-row-md-0 gutters-row-2 gutters-row-v-lg-0 gutters-row-v-md-0 gutters-row-v-2 style-1068 style-local-3265-c3 position-relative\">\r\n        <!---->\r\n        <div class=\"h-row justify-content-lg-center justify-content-md-center justify-content-center align-items-lg-stretch align-items-md-stretch align-items-stretch gutters-col-lg-0 gutters-col-md-0 gutters-col-2 gutters-col-v-lg-0 gutters-col-v-md-0 gutters-col-v-2\">\r\n          <!---->\r\n          <div class=\"h-column h-column-container d-flex h-col-lg-3 h-col-md-3 h-col-12 style-1069-outer style-local-3265-c4-outer\">\r\n            <div data-colibri-id=\"3265-c4\" class=\"d-flex h-flex-basis h-column__inner h-px-lg-3 h-px-md-3 h-px-2 v-inner-lg-3 v-inner-md-3 v-inner-2 style-1069 style-local-3265-c4 position-relative\">\r\n              <!---->\r\n              <!---->\r\n              <div class=\"w-100 h-y-container h-column__content h-column__v-align flex-basis-100 align-self-lg-start align-self-md-start align-self-start\">\r\n                <!---->\r\n                <div data-colibri-id=\"3265-c5\" class=\"h-icon style-1070 style-local-3265-c5 position-relative h-element\">\r\n                  <!----><span class=\"h-svg-icon h-icon__icon style-1070-icon style-local-3265-c5-icon\"><!--Icon by Font Awesome (https:\/\/fontawesome.com)-->\r\n    <svg version=\"1.1\" xmlns=\"http:\/\/www.w3.org\/2000\/svg\" xmlns:xlink=\"http:\/\/www.w3.org\/1999\/xlink\" id=\"group\" viewBox=\"0 0 1920 1896.0833\">\r\n      <path d=\"M593 896q-162 5-265 128H194q-82 0-138-40.5T0 865q0-353 124-353 6 0 43.5 21t97.5 42.5T384 597q67 0 133-23-5 37-5 66 0 139 81 256zm1071 637q0 120-73 189.5t-194 69.5H523q-121 0-194-69.5T256 1533q0-53 3.5-103.5t14-109T300 1212t43-97.5 62-81 85.5-53.5T602 960q10 0 43 21.5t73 48 107 48 135 21.5 135-21.5 107-48 73-48 43-21.5q61 0 111.5 20t85.5 53.5 62 81 43 97.5 26.5 108.5 14 109 3.5 103.5zM640 256q0 106-75 181t-181 75-181-75-75-181 75-181T384 0t181 75 75 181zm704 384q0 159-112.5 271.5T960 1024 688.5 911.5 576 640t112.5-271.5T960 256t271.5 112.5T1344 640zm576 225q0 78-56 118.5t-138 40.5h-134q-103-123-265-128 81-117 81-256 0-29-5-66 66 23 133 23 59 0 119-21.5t97.5-42.5 43.5-21q124 0 124 353zm-128-609q0 106-75 181t-181 75-181-75-75-181 75-181 181-75 181 75 75 181z\"><\/path>\r\n    <\/svg><\/span><\/div>\r\n                <div data-colibri-id=\"3265-c6\" class=\"h-global-transition-all h-heading style-1071 style-local-3265-c6 position-relative h-element\">\r\n                  <!---->\r\n                  <div class=\"h-heading__outer style-1071 style-local-3265-c6\">\r\n                    <!---->\r\n                    <!---->\r\n                    <h5 class=\"\">Presidente da Comiss\u00e3o Administrativa Provis\u00f3ria <\/h5>\r\n                  <\/div>\r\n                <\/div>\r\n                <div data-colibri-id=\"3265-c7\" class=\"h-text h-text-component style-1072 style-local-3265-c7 position-relative h-element\">\r\n                  <!---->\r\n                  <!---->\r\n                  <div class=\"\">\r\n                    <h4><span style=\"font-family: &quot;Open Sans&quot;;\">Paulo Coutinho Sampaio<\/span><\/h4>\r\n                    <p>\r\n                      <br>\r\n                    <\/p>\r\n                  <\/div>\r\n                <\/div>\r\n              <\/div>\r\n            <\/div>\r\n          <\/div>\r\n          <div class=\"h-column h-column-container d-flex h-col-lg-3 h-col-md-3 h-col-12 style-1069-outer style-local-3265-c8-outer\">\r\n            <div data-colibri-id=\"3265-c8\" class=\"d-flex h-flex-basis h-column__inner h-px-lg-3 h-px-md-3 h-px-2 v-inner-lg-3 v-inner-md-3 v-inner-2 style-1069 style-local-3265-c8 position-relative\">\r\n              <!---->\r\n              <!---->\r\n              <div class=\"w-100 h-y-container h-column__content h-column__v-align flex-basis-100 align-self-lg-start align-self-md-start align-self-start\">\r\n                <!---->\r\n                <div data-colibri-id=\"3265-c9\" class=\"h-icon style-1070 style-local-3265-c9 position-relative h-element\">\r\n                  <!----><span class=\"h-svg-icon h-icon__icon style-1070-icon style-local-3265-c9-icon\"><!--Icon by Font Awesome (https:\/\/fontawesome.com)-->\r\n    <svg version=\"1.1\" xmlns=\"http:\/\/www.w3.org\/2000\/svg\" xmlns:xlink=\"http:\/\/www.w3.org\/1999\/xlink\" id=\"group\" viewBox=\"0 0 1920 1896.0833\">\r\n      <path d=\"M593 896q-162 5-265 128H194q-82 0-138-40.5T0 865q0-353 124-353 6 0 43.5 21t97.5 42.5T384 597q67 0 133-23-5 37-5 66 0 139 81 256zm1071 637q0 120-73 189.5t-194 69.5H523q-121 0-194-69.5T256 1533q0-53 3.5-103.5t14-109T300 1212t43-97.5 62-81 85.5-53.5T602 960q10 0 43 21.5t73 48 107 48 135 21.5 135-21.5 107-48 73-48 43-21.5q61 0 111.5 20t85.5 53.5 62 81 43 97.5 26.5 108.5 14 109 3.5 103.5zM640 256q0 106-75 181t-181 75-181-75-75-181 75-181T384 0t181 75 75 181zm704 384q0 159-112.5 271.5T960 1024 688.5 911.5 576 640t112.5-271.5T960 256t271.5 112.5T1344 640zm576 225q0 78-56 118.5t-138 40.5h-134q-103-123-265-128 81-117 81-256 0-29-5-66 66 23 133 23 59 0 119-21.5t97.5-42.5 43.5-21q124 0 124 353zm-128-609q0 106-75 181t-181 75-181-75-75-181 75-181 181-75 181 75 75 181z\"><\/path>\r\n    <\/svg><\/span><\/div>\r\n                <div data-colibri-id=\"3265-c10\" class=\"h-global-transition-all h-heading style-1071 style-local-3265-c10 position-relative h-element\">\r\n                  <!---->\r\n                  <div class=\"h-heading__outer style-1071 style-local-3265-c10\">\r\n                    <!---->\r\n                    <!---->\r\n                    <h5 class=\"\">Vice-Presidente da Comiss\u00e3o Administrativa Provis\u00f3ria <\/h5>\r\n                  <\/div>\r\n                <\/div>\r\n                <div data-colibri-id=\"3265-c11\" class=\"h-text h-text-component style-1072 style-local-3265-c11 position-relative h-element\">\r\n                  <!---->\r\n                  <!---->\r\n                  <div class=\"\">\r\n                    <h4><span style=\"font-family: &quot;Open Sans&quot;;\">C\u00edntia Maria Lam Brito Palma Campos Costa&nbsp;<\/span><span style=\"font-weight: 300; font-size: 14px; font-family: &quot;Open Sans&quot;; color: rgb(85, 85, 85);\">&nbsp;<\/span><\/h4>\r\n                  <\/div>\r\n                <\/div>\r\n              <\/div>\r\n            <\/div>\r\n          <\/div>\r\n          <div class=\"h-column h-column-container d-flex h-col-lg-3 h-col-md-3 h-col-12 style-1069-outer style-local-3265-c12-outer\">\r\n            <div data-colibri-id=\"3265-c12\" class=\"d-flex h-flex-basis h-column__inner h-px-lg-3 h-px-md-3 h-px-2 v-inner-lg-3 v-inner-md-3 v-inner-2 style-1069 style-local-3265-c12 position-relative\">\r\n              <!---->\r\n              <!---->\r\n              <div class=\"w-100 h-y-container h-column__content h-column__v-align flex-basis-100 align-self-lg-start align-self-md-start align-self-start\">\r\n                <!---->\r\n                <div data-colibri-id=\"3265-c13\" class=\"h-icon style-1070 style-local-3265-c13 position-relative h-element\">\r\n                  <!----><span class=\"h-svg-icon h-icon__icon style-1070-icon style-local-3265-c13-icon\"><!--Icon by Font Awesome (https:\/\/fontawesome.com)-->\r\n    <svg version=\"1.1\" xmlns=\"http:\/\/www.w3.org\/2000\/svg\" xmlns:xlink=\"http:\/\/www.w3.org\/1999\/xlink\" id=\"group\" viewBox=\"0 0 1920 1896.0833\">\r\n      <path d=\"M593 896q-162 5-265 128H194q-82 0-138-40.5T0 865q0-353 124-353 6 0 43.5 21t97.5 42.5T384 597q67 0 133-23-5 37-5 66 0 139 81 256zm1071 637q0 120-73 189.5t-194 69.5H523q-121 0-194-69.5T256 1533q0-53 3.5-103.5t14-109T300 1212t43-97.5 62-81 85.5-53.5T602 960q10 0 43 21.5t73 48 107 48 135 21.5 135-21.5 107-48 73-48 43-21.5q61 0 111.5 20t85.5 53.5 62 81 43 97.5 26.5 108.5 14 109 3.5 103.5zM640 256q0 106-75 181t-181 75-181-75-75-181 75-181T384 0t181 75 75 181zm704 384q0 159-112.5 271.5T960 1024 688.5 911.5 576 640t112.5-271.5T960 256t271.5 112.5T1344 640zm576 225q0 78-56 118.5t-138 40.5h-134q-103-123-265-128 81-117 81-256 0-29-5-66 66 23 133 23 59 0 119-21.5t97.5-42.5 43.5-21q124 0 124 353zm-128-609q0 106-75 181t-181 75-181-75-75-181 75-181 181-75 181 75 75 181z\"><\/path>\r\n    <\/svg><\/span><\/div>\r\n                <div data-colibri-id=\"3265-c14\" class=\"h-global-transition-all h-heading style-1071 style-local-3265-c14 position-relative h-element\">\r\n                  <!---->\r\n                  <div class=\"h-heading__outer style-1071 style-local-3265-c14\">\r\n                    <!---->\r\n                    <!---->\r\n                    <h5 class=\"\">1.\u00ba Vogal da Comiss\u00e3o Administrativa Provis\u00f3ria <\/h5>\r\n                  <\/div>\r\n                <\/div>\r\n                <div data-colibri-id=\"3265-c15\" class=\"h-text h-text-component style-1072 style-local-3265-c15 position-relative h-element\">\r\n                  <!---->\r\n                  <!---->\r\n                  <div class=\"\">\r\n                    <h4><span style=\"font-family: &quot;Open Sans&quot;;\">Liliana Marisa Amorim Cerqueira Alves Quesado<\/span><\/h4>\r\n                  <\/div>\r\n                <\/div>\r\n              <\/div>\r\n            <\/div>\r\n          <\/div>\r\n          <div class=\"h-column h-column-container d-flex h-col-lg-3 h-col-md-3 h-col-12 style-1069-outer style-local-3265-c16-outer\">\r\n            <div data-colibri-id=\"3265-c16\" class=\"d-flex h-flex-basis h-column__inner h-px-lg-3 h-px-md-3 h-px-2 v-inner-lg-3 v-inner-md-3 v-inner-2 style-1069 style-local-3265-c16 position-relative\">\r\n              <!---->\r\n              <!---->\r\n              <div class=\"w-100 h-y-container h-column__content h-column__v-align flex-basis-100 align-self-lg-start align-self-md-start align-self-start\">\r\n                <!---->\r\n                <div data-colibri-id=\"3265-c17\" class=\"h-icon style-1070 style-local-3265-c17 position-relative h-element\">\r\n                  <!----><span class=\"h-svg-icon h-icon__icon style-1070-icon style-local-3265-c17-icon\"><!--Icon by Font Awesome (https:\/\/fontawesome.com)-->\r\n    <svg version=\"1.1\" xmlns=\"http:\/\/www.w3.org\/2000\/svg\" xmlns:xlink=\"http:\/\/www.w3.org\/1999\/xlink\" id=\"group\" viewBox=\"0 0 1920 1896.0833\">\r\n      <path d=\"M593 896q-162 5-265 128H194q-82 0-138-40.5T0 865q0-353 124-353 6 0 43.5 21t97.5 42.5T384 597q67 0 133-23-5 37-5 66 0 139 81 256zm1071 637q0 120-73 189.5t-194 69.5H523q-121 0-194-69.5T256 1533q0-53 3.5-103.5t14-109T300 1212t43-97.5 62-81 85.5-53.5T602 960q10 0 43 21.5t73 48 107 48 135 21.5 135-21.5 107-48 73-48 43-21.5q61 0 111.5 20t85.5 53.5 62 81 43 97.5 26.5 108.5 14 109 3.5 103.5zM640 256q0 106-75 181t-181 75-181-75-75-181 75-181T384 0t181 75 75 181zm704 384q0 159-112.5 271.5T960 1024 688.5 911.5 576 640t112.5-271.5T960 256t271.5 112.5T1344 640zm576 225q0 78-56 118.5t-138 40.5h-134q-103-123-265-128 81-117 81-256 0-29-5-66 66 23 133 23 59 0 119-21.5t97.5-42.5 43.5-21q124 0 124 353zm-128-609q0 106-75 181t-181 75-181-75-75-181 75-181 181-75 181 75 75 181z\"><\/path>\r\n    <\/svg><\/span><\/div>\r\n                <div data-colibri-id=\"3265-c18\" class=\"h-global-transition-all h-heading style-1071 style-local-3265-c18 position-relative h-element\">\r\n                  <!---->\r\n                  <div class=\"h-heading__outer style-1071 style-local-3265-c18\">\r\n                    <!---->\r\n                    <!---->\r\n                    <h5 class=\"\">2.\u00ba Vogal da Comiss\u00e3o Administrativa Provis\u00f3ria <\/h5>\r\n                  <\/div>\r\n                <\/div>\r\n                <div data-colibri-id=\"3265-c19\" class=\"h-text h-text-component style-1072 style-local-3265-c19 position-relative h-element\">\r\n                  <!---->\r\n                  <!---->\r\n                  <div class=\"\">\r\n                    <h4><span style=\"font-family: &quot;Open Sans&quot;;\">Cl\u00e1udia da Concei\u00e7\u00e3o Costa Correia<\/span><\/h4>\r\n                  <\/div>\r\n                <\/div>\r\n              <\/div>\r\n            <\/div>\r\n          <\/div>\r\n        <\/div>\r\n      <\/div>\r\n    <\/div>\r\n  <\/div>\r\n<\/div>","protected":false},"excerpt":{"rendered":"<p>Presidente da Comiss\u00e3o Administrativa Provis\u00f3ria Paulo Coutinho Sampaio Vice-Presidente da Comiss\u00e3o Administrativa Provis\u00f3ria C\u00edntia Maria Lam Brito Palma Campos Costa&nbsp;&nbsp; 1.\u00ba Vogal da Comiss\u00e3o Administrativa Provis\u00f3ria Liliana Marisa Amorim Cerqueira Alves Quesado 2.\u00ba Vogal da Comiss\u00e3o Administrativa Provis\u00f3ria Cl\u00e1udia da Concei\u00e7\u00e3o Costa Correia<\/p>\n","protected":false},"author":1,"featured_media":0,"parent":0,"menu_order":0,"comment_status":"closed","ping_status":"closed","template":"page-templates\/full-width-page.php","meta":{"footnotes":"","_links_to":"","_links_to_target":""},"class_list":["post-3265","page","type-page","status-publish","hentry"],"_links":{"self":[{"href":"https:\/\/www.escolasabelheira.com\/index.php\/wp-json\/wp\/v2\/pages\/3265","targetHints":{"allow":["GET"]}}],"collection":[{"href":"https:\/\/www.escolasabelheira.com\/index.php\/wp-json\/wp\/v2\/pages"}],"about":[{"href":"https:\/\/www.escolasabelheira.com\/index.php\/wp-json\/wp\/v2\/types\/page"}],"author":[{"embeddable":true,"href":"https:\/\/www.escolasabelheira.com\/index.php\/wp-json\/wp\/v2\/users\/1"}],"replies":[{"embeddable":true,"href":"https:\/\/www.escolasabelheira.com\/index.php\/wp-json\/wp\/v2\/comments?post=3265"}],"version-history":[{"count":9,"href":"https:\/\/www.escolasabelheira.com\/index.php\/wp-json\/wp\/v2\/pages\/3265\/revisions"}],"predecessor-version":[{"id":5237,"href":"https:\/\/www.escolasabelheira.com\/index.php\/wp-json\/wp\/v2\/pages\/3265\/revisions\/5237"}],"wp:attachment":[{"href":"https:\/\/www.escolasabelheira.com\/index.php\/wp-json\/wp\/v2\/media?parent=3265"}],"curies":[{"name":"wp","href":"https:\/\/api.w.org\/{rel}","templated":true}]}}